{"id":3697,"date":"2025-09-17T19:34:26","date_gmt":"2025-09-17T22:34:26","guid":{"rendered":"https:\/\/institutoar.org.br\/projects\/"},"modified":"2026-02-06T15:18:57","modified_gmt":"2026-02-06T15:18:57","slug":"projects","status":"publish","type":"page","link":"https:\/\/institutoar.org.br\/en\/projects\/","title":{"rendered":"Programs"},"content":{"rendered":"\t\t<div data-elementor-type=\"wp-post\" data-elementor-id=\"3697\" class=\"elementor elementor-3697 elementor-1907\" data-elementor-post-type=\"page\">\n\t\t\t\t<div class=\"elementor-element elementor-element-0eaba23 e-flex e-con-boxed e-con e-parent\" data-id=\"0eaba23\" data-element_type=\"container\" data-e-type=\"container\" data-settings=\"{&quot;background_background&quot;:&quot;classic&quot;}\">\n\t\t\t\t\t<div class=\"e-con-inner\">\n\t\t<div class=\"elementor-element elementor-element-0f70410 e-con-full e-flex e-con e-child\" data-id=\"0f70410\" data-element_type=\"container\" data-e-type=\"container\">\n\t\t\t\t<div class=\"elementor-element elementor-element-81c582a elementor-widget elementor-widget-heading\" data-id=\"81c582a\" data-element_type=\"widget\" data-e-type=\"widget\" data-widget_type=\"heading.default\">\n\t\t\t\t\t<h1 class=\"elementor-heading-title elementor-size-default\">Projects<\/h1>\t\t\t\t<\/div>\n\t\t\t\t<\/div>\n\t\t<div class=\"elementor-element elementor-element-44349dd e-con-full elementor-hidden-tablet elementor-hidden-mobile e-flex e-con e-child\" data-id=\"44349dd\" data-element_type=\"container\" data-e-type=\"container\">\n\t\t\t\t<\/div>\n\t\t<div class=\"elementor-element elementor-element-21b1762 e-con-full e-flex e-con e-child\" data-id=\"21b1762\" data-element_type=\"container\" data-e-type=\"container\">\n\t\t\t\t<\/div>\n\t\t\t\t\t<\/div>\n\t\t\t\t<\/div>\n\t\t<div class=\"elementor-element elementor-element-57943e1 e-flex e-con-boxed e-con e-parent\" data-id=\"57943e1\" data-element_type=\"container\" data-e-type=\"container\">\n\t\t\t\t\t<div class=\"e-con-inner\">\n\t\t<div class=\"elementor-element elementor-element-2fcd89a e-con-full e-flex e-con e-child\" data-id=\"2fcd89a\" data-element_type=\"container\" data-e-type=\"container\">\n\t\t<div class=\"elementor-element elementor-element-116d2b3 e-con-full e-flex e-con e-child\" data-id=\"116d2b3\" data-element_type=\"container\" data-e-type=\"container\" data-settings=\"{&quot;background_background&quot;:&quot;classic&quot;}\">\n\t\t\t\t<div class=\"elementor-element elementor-element-4131817 elementor-widget elementor-widget-heading\" data-id=\"4131817\" data-element_type=\"widget\" data-e-type=\"widget\" data-widget_type=\"heading.default\">\n\t\t\t\t\t<h2 class=\"elementor-heading-title elementor-size-default\">M\u00e9dicos pelo Clima (Doctors for Climate)<\/h2>\t\t\t\t<\/div>\n\t\t\t\t<div class=\"elementor-element elementor-element-940fdf8 elementor-widget elementor-widget-text-editor\" data-id=\"940fdf8\" data-element_type=\"widget\" data-e-type=\"widget\" data-widget_type=\"text-editor.default\">\n\t\t\t\t\t\t\t\t\t<p>The first Brazilian initiative that mobilizes doctors to combat climate change and air pollution, transforming technical knowledge into action to protect lives and place health at the center of climate decisions.<\/p>\t\t\t\t\t\t\t\t<\/div>\n\t\t\t\t<div class=\"elementor-element elementor-element-a5d626e elementor-align-left elementor-widget elementor-widget-button\" data-id=\"a5d626e\" data-element_type=\"widget\" data-e-type=\"widget\" data-widget_type=\"button.default\">\n\t\t\t\t\t\t\t\t\t\t<a class=\"elementor-button elementor-button-link elementor-size-sm elementor-animation-bob\" href=\"https:\/\/institutoar.org.br\/en\/projects\/medicos-pelo-clima\/\">\n\t\t\t\t\t\t<span class=\"elementor-button-content-wrapper\">\n\t\t\t\t\t\t\t\t\t<span class=\"elementor-button-text\">Learn more<\/span>\n\t\t\t\t\t<\/span>\n\t\t\t\t\t<\/a>\n\t\t\t\t\t\t\t\t<\/div>\n\t\t\t\t<\/div>\n\t\t\t\t<\/div>\n\t\t<div class=\"elementor-element elementor-element-a8b73bc e-con-full e-flex e-con e-child\" data-id=\"a8b73bc\" data-element_type=\"container\" data-e-type=\"container\">\n\t\t<div class=\"elementor-element elementor-element-55dfcd3 e-con-full e-flex e-con e-child\" data-id=\"55dfcd3\" data-element_type=\"container\" data-e-type=\"container\" data-settings=\"{&quot;background_background&quot;:&quot;classic&quot;}\">\n\t\t\t\t<div class=\"elementor-element elementor-element-ab24723 elementor-widget elementor-widget-heading\" data-id=\"ab24723\" data-element_type=\"widget\" data-e-type=\"widget\" data-widget_type=\"heading.default\">\n\t\t\t\t\t<h2 class=\"elementor-heading-title elementor-size-default\">Coaliz\u00e3o Respira Amaz\u00f4nia (Respira Amaz\u00f4nia Coalition)<\/h2>\t\t\t\t<\/div>\n\t\t\t\t<div class=\"elementor-element elementor-element-738e5f1 elementor-widget elementor-widget-text-editor\" data-id=\"738e5f1\" data-element_type=\"widget\" data-e-type=\"widget\" data-widget_type=\"text-editor.default\">\n\t\t\t\t\t\t\t\t\t<p>We bring together public managers, researchers, and civil society to monitor and improve air quality in the Amazon. The project promotes data collection, the use of accessible technologies, and collaborative actions that protect people&#8217;s health and preserve forests, connecting science and public policy. <\/p>\t\t\t\t\t\t\t\t<\/div>\n\t\t\t\t<div class=\"elementor-element elementor-element-7954334 elementor-align-left elementor-widget elementor-widget-button\" data-id=\"7954334\" data-element_type=\"widget\" data-e-type=\"widget\" data-widget_type=\"button.default\">\n\t\t\t\t\t\t\t\t\t\t<a class=\"elementor-button elementor-button-link elementor-size-sm elementor-animation-bob\" href=\"https:\/\/institutoar.org.br\/en\/projects\/respira-amazonia\/\">\n\t\t\t\t\t\t<span class=\"elementor-button-content-wrapper\">\n\t\t\t\t\t\t\t\t\t<span class=\"elementor-button-text\">Learn more<\/span>\n\t\t\t\t\t<\/span>\n\t\t\t\t\t<\/a>\n\t\t\t\t\t\t\t\t<\/div>\n\t\t\t\t<\/div>\n\t\t\t\t<\/div>\n\t\t\t\t\t<\/div>\n\t\t\t\t<\/div>\n\t\t<div class=\"elementor-element elementor-element-8a94485 e-flex e-con-boxed e-con e-parent\" data-id=\"8a94485\" data-element_type=\"container\" data-e-type=\"container\">\n\t\t\t\t\t<div class=\"e-con-inner\">\n\t\t<div class=\"elementor-element elementor-element-6cddb55 e-con-full e-flex e-con e-child\" data-id=\"6cddb55\" data-element_type=\"container\" data-e-type=\"container\">\n\t\t<div class=\"elementor-element elementor-element-8b982a6 e-con-full e-flex e-con e-child\" data-id=\"8b982a6\" data-element_type=\"container\" data-e-type=\"container\" data-settings=\"{&quot;background_background&quot;:&quot;classic&quot;}\">\n\t\t\t\t<div class=\"elementor-element elementor-element-07300b6 elementor-widget elementor-widget-heading\" data-id=\"07300b6\" data-element_type=\"widget\" data-e-type=\"widget\" data-widget_type=\"heading.default\">\n\t\t\t\t\t<h2 class=\"elementor-heading-title elementor-size-default\">Caminhos do futuro (Paths to the future)<\/h2>\t\t\t\t<\/div>\n\t\t\t\t<div class=\"elementor-element elementor-element-801a541 elementor-align-left elementor-widget elementor-widget-button\" data-id=\"801a541\" data-element_type=\"widget\" data-e-type=\"widget\" data-widget_type=\"button.default\">\n\t\t\t\t\t\t\t\t\t\t<a class=\"elementor-button elementor-button-link elementor-size-sm elementor-animation-bob\" href=\"https:\/\/institutoar.org.br\/en\/projects\/caminhos-do-futuro\/\">\n\t\t\t\t\t\t<span class=\"elementor-button-content-wrapper\">\n\t\t\t\t\t\t\t\t\t<span class=\"elementor-button-text\">Learn more<\/span>\n\t\t\t\t\t<\/span>\n\t\t\t\t\t<\/a>\n\t\t\t\t\t\t\t\t<\/div>\n\t\t\t\t<\/div>\n\t\t\t\t<\/div>\n\t\t<div class=\"elementor-element elementor-element-d7a6bf6 e-con-full e-flex e-con e-child\" data-id=\"d7a6bf6\" data-element_type=\"container\" data-e-type=\"container\">\n\t\t<div class=\"elementor-element elementor-element-7e35ac4 e-con-full e-flex e-con e-child\" data-id=\"7e35ac4\" data-element_type=\"container\" data-e-type=\"container\" data-settings=\"{&quot;background_background&quot;:&quot;classic&quot;}\">\n\t\t\t\t<div class=\"elementor-element elementor-element-5bb4755 elementor-widget elementor-widget-heading\" data-id=\"5bb4755\" data-element_type=\"widget\" data-e-type=\"widget\" data-widget_type=\"heading.default\">\n\t\t\t\t\t<h2 class=\"elementor-heading-title elementor-size-default\">Direito ao Ar Limpo (Right to Clean Air)<\/h2>\t\t\t\t<\/div>\n\t\t\t\t<div class=\"elementor-element elementor-element-8cd5735 elementor-align-left elementor-widget elementor-widget-button\" data-id=\"8cd5735\" data-element_type=\"widget\" data-e-type=\"widget\" data-widget_type=\"button.default\">\n\t\t\t\t\t\t\t\t\t\t<a class=\"elementor-button elementor-button-link elementor-size-sm elementor-animation-bob\" href=\"https:\/\/institutoar.org.br\/en\/projects\/direito-ao-ar-limpo-right-to-clean-air\/\">\n\t\t\t\t\t\t<span class=\"elementor-button-content-wrapper\">\n\t\t\t\t\t\t\t\t\t<span class=\"elementor-button-text\">Learn more<\/span>\n\t\t\t\t\t<\/span>\n\t\t\t\t\t<\/a>\n\t\t\t\t\t\t\t\t<\/div>\n\t\t\t\t<\/div>\n\t\t\t\t<\/div>\n\t\t\t\t\t<\/div>\n\t\t\t\t<\/div>\n\t\t\t\t<\/div>\n\t\t","protected":false},"excerpt":{"rendered":"<p>Projects M\u00e9dicos pelo Clima (Doctors for Climate) The first Brazilian initiative that mobilizes doctors to combat climate change and air pollution, transforming technical knowledge into action to protect lives and place health at the center of climate decisions. Learn more Coaliz\u00e3o Respira Amaz\u00f4nia (Respira Amaz\u00f4nia Coalition) We bring together public managers, researchers, and civil society [&hellip;]<\/p>\n","protected":false},"author":1,"featured_media":3466,"parent":0,"menu_order":0,"comment_status":"closed","ping_status":"closed","template":"","meta":{"footnotes":""},"class_list":["post-3697","page","type-page","status-publish","has-post-thumbnail","hentry"],"yoast_head":"<!-- This site is optimized with the Yoast SEO plugin v27.2 - https:\/\/yoast.com\/product\/yoast-seo-wordpress\/ -->\n<title>Programs | Instituto Ar<\/title>\n<meta name=\"description\" content=\"Learn about Instituto Ar\u2019s programs that promote action for air quality, human health, and tackling climate change.\" \/>\n<meta name=\"robots\" content=\"index, follow, max-snippet:-1, max-image-preview:large, max-video-preview:-1\" \/>\n<link rel=\"canonical\" href=\"https:\/\/institutoar.org.br\/en\/projects\/\" \/>\n<meta property=\"og:locale\" content=\"en_US\" \/>\n<meta property=\"og:type\" content=\"article\" \/>\n<meta property=\"og:title\" content=\"Programs | Instituto Ar\" \/>\n<meta property=\"og:description\" content=\"Learn about Instituto Ar\u2019s programs that promote action for air quality, human health, and tackling climate change.\" \/>\n<meta property=\"og:url\" content=\"https:\/\/institutoar.org.br\/en\/projects\/\" \/>\n<meta property=\"og:site_name\" content=\"Instituto Ar\" \/>\n<meta property=\"article:modified_time\" content=\"2026-02-06T15:18:57+00:00\" \/>\n<meta property=\"og:image\" content=\"https:\/\/institutoar.org.br\/wp-content\/uploads\/2025\/10\/instituto-ar-simbolo-grafico.jpg\" \/>\n\t<meta property=\"og:image:width\" content=\"500\" \/>\n\t<meta property=\"og:image:height\" content=\"500\" \/>\n\t<meta property=\"og:image:type\" content=\"image\/jpeg\" \/>\n<meta name=\"twitter:card\" content=\"summary_large_image\" \/>\n<meta name=\"twitter:label1\" content=\"Est. reading time\" \/>\n\t<meta name=\"twitter:data1\" content=\"1 minute\" \/>\n<script type=\"application\/ld+json\" class=\"yoast-schema-graph\">{\"@context\":\"https:\/\/schema.org\",\"@graph\":[{\"@type\":\"WebPage\",\"@id\":\"https:\/\/institutoar.org.br\/en\/projects\/\",\"url\":\"https:\/\/institutoar.org.br\/en\/projects\/\",\"name\":\"Programs | Instituto Ar\",\"isPartOf\":{\"@id\":\"https:\/\/institutoar.org.br\/en\/#website\"},\"primaryImageOfPage\":{\"@id\":\"https:\/\/institutoar.org.br\/en\/projects\/#primaryimage\"},\"image\":{\"@id\":\"https:\/\/institutoar.org.br\/en\/projects\/#primaryimage\"},\"thumbnailUrl\":\"https:\/\/institutoar.org.br\/wp-content\/uploads\/2025\/10\/instituto-ar-simbolo-grafico.jpg\",\"datePublished\":\"2025-09-17T22:34:26+00:00\",\"dateModified\":\"2026-02-06T15:18:57+00:00\",\"description\":\"Learn about Instituto Ar\u2019s programs that promote action for air quality, human health, and tackling climate change.\",\"breadcrumb\":{\"@id\":\"https:\/\/institutoar.org.br\/en\/projects\/#breadcrumb\"},\"inLanguage\":\"en-US\",\"potentialAction\":[{\"@type\":\"ReadAction\",\"target\":[\"https:\/\/institutoar.org.br\/en\/projects\/\"]}]},{\"@type\":\"ImageObject\",\"inLanguage\":\"en-US\",\"@id\":\"https:\/\/institutoar.org.br\/en\/projects\/#primaryimage\",\"url\":\"https:\/\/institutoar.org.br\/wp-content\/uploads\/2025\/10\/instituto-ar-simbolo-grafico.jpg\",\"contentUrl\":\"https:\/\/institutoar.org.br\/wp-content\/uploads\/2025\/10\/instituto-ar-simbolo-grafico.jpg\",\"width\":500,\"height\":500,\"caption\":\"Instituto Ar - Graphic symbol\"},{\"@type\":\"BreadcrumbList\",\"@id\":\"https:\/\/institutoar.org.br\/en\/projects\/#breadcrumb\",\"itemListElement\":[{\"@type\":\"ListItem\",\"position\":1,\"name\":\"In\u00edcio\",\"item\":\"https:\/\/institutoar.org.br\/en\/\"},{\"@type\":\"ListItem\",\"position\":2,\"name\":\"Programs\"}]},{\"@type\":\"WebSite\",\"@id\":\"https:\/\/institutoar.org.br\/en\/#website\",\"url\":\"https:\/\/institutoar.org.br\/en\/\",\"name\":\"Instituto Ar\",\"description\":\"\",\"publisher\":{\"@id\":\"https:\/\/institutoar.org.br\/en\/#organization\"},\"potentialAction\":[{\"@type\":\"SearchAction\",\"target\":{\"@type\":\"EntryPoint\",\"urlTemplate\":\"https:\/\/institutoar.org.br\/en\/?s={search_term_string}\"},\"query-input\":{\"@type\":\"PropertyValueSpecification\",\"valueRequired\":true,\"valueName\":\"search_term_string\"}}],\"inLanguage\":\"en-US\"},{\"@type\":\"Organization\",\"@id\":\"https:\/\/institutoar.org.br\/en\/#organization\",\"name\":\"Instituto Ar\",\"url\":\"https:\/\/institutoar.org.br\/en\/\",\"logo\":{\"@type\":\"ImageObject\",\"inLanguage\":\"en-US\",\"@id\":\"https:\/\/institutoar.org.br\/en\/#\/schema\/logo\/image\/\",\"url\":\"https:\/\/institutoar.org.br\/wp-content\/uploads\/2025\/09\/IAR-LOGOS-COM-SLOGAN-TODAS-VERSOES-02-scaled-e1757555584336.png\",\"contentUrl\":\"https:\/\/institutoar.org.br\/wp-content\/uploads\/2025\/09\/IAR-LOGOS-COM-SLOGAN-TODAS-VERSOES-02-scaled-e1757555584336.png\",\"width\":2095,\"height\":538,\"caption\":\"Instituto Ar\"},\"image\":{\"@id\":\"https:\/\/institutoar.org.br\/en\/#\/schema\/logo\/image\/\"}}]}<\/script>\n<!-- \/ Yoast SEO plugin. -->","yoast_head_json":{"title":"Programs | Instituto Ar","description":"Learn about Instituto Ar\u2019s programs that promote action for air quality, human health, and tackling climate change.","robots":{"index":"index","follow":"follow","max-snippet":"max-snippet:-1","max-image-preview":"max-image-preview:large","max-video-preview":"max-video-preview:-1"},"canonical":"https:\/\/institutoar.org.br\/en\/projects\/","og_locale":"en_US","og_type":"article","og_title":"Programs | Instituto Ar","og_description":"Learn about Instituto Ar\u2019s programs that promote action for air quality, human health, and tackling climate change.","og_url":"https:\/\/institutoar.org.br\/en\/projects\/","og_site_name":"Instituto Ar","article_modified_time":"2026-02-06T15:18:57+00:00","og_image":[{"width":500,"height":500,"url":"https:\/\/institutoar.org.br\/wp-content\/uploads\/2025\/10\/instituto-ar-simbolo-grafico.jpg","type":"image\/jpeg"}],"twitter_card":"summary_large_image","twitter_misc":{"Est. reading time":"1 minute"},"schema":{"@context":"https:\/\/schema.org","@graph":[{"@type":"WebPage","@id":"https:\/\/institutoar.org.br\/en\/projects\/","url":"https:\/\/institutoar.org.br\/en\/projects\/","name":"Programs | Instituto Ar","isPartOf":{"@id":"https:\/\/institutoar.org.br\/en\/#website"},"primaryImageOfPage":{"@id":"https:\/\/institutoar.org.br\/en\/projects\/#primaryimage"},"image":{"@id":"https:\/\/institutoar.org.br\/en\/projects\/#primaryimage"},"thumbnailUrl":"https:\/\/institutoar.org.br\/wp-content\/uploads\/2025\/10\/instituto-ar-simbolo-grafico.jpg","datePublished":"2025-09-17T22:34:26+00:00","dateModified":"2026-02-06T15:18:57+00:00","description":"Learn about Instituto Ar\u2019s programs that promote action for air quality, human health, and tackling climate change.","breadcrumb":{"@id":"https:\/\/institutoar.org.br\/en\/projects\/#breadcrumb"},"inLanguage":"en-US","potentialAction":[{"@type":"ReadAction","target":["https:\/\/institutoar.org.br\/en\/projects\/"]}]},{"@type":"ImageObject","inLanguage":"en-US","@id":"https:\/\/institutoar.org.br\/en\/projects\/#primaryimage","url":"https:\/\/institutoar.org.br\/wp-content\/uploads\/2025\/10\/instituto-ar-simbolo-grafico.jpg","contentUrl":"https:\/\/institutoar.org.br\/wp-content\/uploads\/2025\/10\/instituto-ar-simbolo-grafico.jpg","width":500,"height":500,"caption":"Instituto Ar - Graphic symbol"},{"@type":"BreadcrumbList","@id":"https:\/\/institutoar.org.br\/en\/projects\/#breadcrumb","itemListElement":[{"@type":"ListItem","position":1,"name":"In\u00edcio","item":"https:\/\/institutoar.org.br\/en\/"},{"@type":"ListItem","position":2,"name":"Programs"}]},{"@type":"WebSite","@id":"https:\/\/institutoar.org.br\/en\/#website","url":"https:\/\/institutoar.org.br\/en\/","name":"Instituto Ar","description":"","publisher":{"@id":"https:\/\/institutoar.org.br\/en\/#organization"},"potentialAction":[{"@type":"SearchAction","target":{"@type":"EntryPoint","urlTemplate":"https:\/\/institutoar.org.br\/en\/?s={search_term_string}"},"query-input":{"@type":"PropertyValueSpecification","valueRequired":true,"valueName":"search_term_string"}}],"inLanguage":"en-US"},{"@type":"Organization","@id":"https:\/\/institutoar.org.br\/en\/#organization","name":"Instituto Ar","url":"https:\/\/institutoar.org.br\/en\/","logo":{"@type":"ImageObject","inLanguage":"en-US","@id":"https:\/\/institutoar.org.br\/en\/#\/schema\/logo\/image\/","url":"https:\/\/institutoar.org.br\/wp-content\/uploads\/2025\/09\/IAR-LOGOS-COM-SLOGAN-TODAS-VERSOES-02-scaled-e1757555584336.png","contentUrl":"https:\/\/institutoar.org.br\/wp-content\/uploads\/2025\/09\/IAR-LOGOS-COM-SLOGAN-TODAS-VERSOES-02-scaled-e1757555584336.png","width":2095,"height":538,"caption":"Instituto Ar"},"image":{"@id":"https:\/\/institutoar.org.br\/en\/#\/schema\/logo\/image\/"}}]}},"_links":{"self":[{"href":"https:\/\/institutoar.org.br\/en\/wp-json\/wp\/v2\/pages\/3697","targetHints":{"allow":["GET"]}}],"collection":[{"href":"https:\/\/institutoar.org.br\/en\/wp-json\/wp\/v2\/pages"}],"about":[{"href":"https:\/\/institutoar.org.br\/en\/wp-json\/wp\/v2\/types\/page"}],"author":[{"embeddable":true,"href":"https:\/\/institutoar.org.br\/en\/wp-json\/wp\/v2\/users\/1"}],"replies":[{"embeddable":true,"href":"https:\/\/institutoar.org.br\/en\/wp-json\/wp\/v2\/comments?post=3697"}],"version-history":[{"count":10,"href":"https:\/\/institutoar.org.br\/en\/wp-json\/wp\/v2\/pages\/3697\/revisions"}],"predecessor-version":[{"id":5072,"href":"https:\/\/institutoar.org.br\/en\/wp-json\/wp\/v2\/pages\/3697\/revisions\/5072"}],"wp:featuredmedia":[{"embeddable":true,"href":"https:\/\/institutoar.org.br\/en\/wp-json\/wp\/v2\/media\/3466"}],"wp:attachment":[{"href":"https:\/\/institutoar.org.br\/en\/wp-json\/wp\/v2\/media?parent=3697"}],"curies":[{"name":"wp","href":"https:\/\/api.w.org\/{rel}","templated":true}]}}