{"id":3499,"date":"2025-09-17T08:28:48","date_gmt":"2025-09-17T11:28:48","guid":{"rendered":"https:\/\/institutoar.org.br\/blog\/"},"modified":"2026-04-27T16:21:59","modified_gmt":"2026-04-27T19:21:59","slug":"blog","status":"publish","type":"page","link":"https:\/\/institutoar.org.br\/en\/blog\/","title":{"rendered":"Blog"},"content":{"rendered":"\t\t<div data-elementor-type=\"wp-post\" data-elementor-id=\"3499\" class=\"elementor elementor-3499 elementor-1671\" data-elementor-post-type=\"page\">\n\t\t\t\t<div class=\"elementor-element elementor-element-0eaba23 e-flex e-con-boxed e-con e-parent\" data-id=\"0eaba23\" data-element_type=\"container\" data-e-type=\"container\" data-settings=\"{&quot;background_background&quot;:&quot;classic&quot;}\">\n\t\t\t\t\t<div class=\"e-con-inner\">\n\t\t<div class=\"elementor-element elementor-element-0f70410 e-con-full e-flex e-con e-child\" data-id=\"0f70410\" data-element_type=\"container\" data-e-type=\"container\">\n\t\t\t\t<div class=\"elementor-element elementor-element-81c582a elementor-widget elementor-widget-heading\" data-id=\"81c582a\" data-element_type=\"widget\" data-e-type=\"widget\" data-widget_type=\"heading.default\">\n\t\t\t\t\t<h1 class=\"elementor-heading-title elementor-size-default\">Blog<\/h1>\t\t\t\t<\/div>\n\t\t\t\t<\/div>\n\t\t<div class=\"elementor-element elementor-element-44349dd e-con-full elementor-hidden-tablet elementor-hidden-mobile e-flex e-con e-child\" data-id=\"44349dd\" data-element_type=\"container\" data-e-type=\"container\">\n\t\t\t\t<\/div>\n\t\t<div class=\"elementor-element elementor-element-21b1762 e-con-full e-flex e-con e-child\" data-id=\"21b1762\" data-element_type=\"container\" data-e-type=\"container\">\n\t\t\t\t<\/div>\n\t\t\t\t\t<\/div>\n\t\t\t\t<\/div>\n\t\t<div class=\"elementor-element elementor-element-9bf7da9 elementor-hidden-tablet elementor-hidden-mobile e-flex e-con-boxed e-con e-parent\" data-id=\"9bf7da9\" data-element_type=\"container\" data-e-type=\"container\">\n\t\t\t\t\t<div class=\"e-con-inner\">\n\t\t\t\t\t<\/div>\n\t\t\t\t<\/div>\n\t\t<div class=\"elementor-element elementor-element-da864ad elementor-hidden-tablet elementor-hidden-mobile e-flex e-con-boxed e-con e-parent\" data-id=\"da864ad\" data-element_type=\"container\" data-e-type=\"container\" data-settings=\"{&quot;background_background&quot;:&quot;classic&quot;}\">\n\t\t\t\t\t<div class=\"e-con-inner\">\n\t\t<div class=\"elementor-element elementor-element-2563c25 e-con-full e-flex e-con e-child\" data-id=\"2563c25\" data-element_type=\"container\" data-e-type=\"container\">\n\t\t\t\t<div class=\"elementor-element elementor-element-707210b elementor-widget elementor-widget-taxonomy-filter\" data-id=\"707210b\" data-element_type=\"widget\" data-e-type=\"widget\" data-settings=\"{&quot;selected_element&quot;:&quot;556222a&quot;,&quot;taxonomy&quot;:&quot;category&quot;,&quot;multiple_selection&quot;:&quot;no&quot;,&quot;horizontal_scroll&quot;:&quot;disable&quot;}\" data-widget_type=\"taxonomy-filter.default\">\n\t\t\t\t\t\t\t<search class=\"e-filter\" role=\"search\" data-base-url=\"https:\/\/institutoar.org.br\/en\/\" data-page-num=\"1\">\n\t\t\t\t\t\t\t<button class=\"e-filter-item\" data-filter=\"annual-reports\" aria-pressed=\"false\">Annual reports<\/button>\n\t\t\t\t\t\t\t<button class=\"e-filter-item\" data-filter=\"articles\" aria-pressed=\"false\">Articles<\/button>\n\t\t\t\t\t\t\t<button class=\"e-filter-item\" data-filter=\"booklet\" aria-pressed=\"false\">Booklet<\/button>\n\t\t\t\t\t\t\t<button class=\"e-filter-item\" data-filter=\"informative-materials\" aria-pressed=\"false\">Informative materials<\/button>\n\t\t\t\t\t\t\t<button class=\"e-filter-item\" data-filter=\"research-reports\" aria-pressed=\"false\">Research reports<\/button>\n\t\t\t\n\t\t\t\t\t\t\t\t<\/search>\n\t\t\t\t\t\t<\/div>\n\t\t\t\t<\/div>\n\t\t\t\t\t<\/div>\n\t\t\t\t<\/div>\n\t\t<div class=\"elementor-element elementor-element-d258718 elementor-hidden-tablet elementor-hidden-mobile e-flex e-con-boxed e-con e-parent\" data-id=\"d258718\" data-element_type=\"container\" data-e-type=\"container\">\n\t\t\t\t\t<div class=\"e-con-inner\">\n\t\t\t\t<div class=\"elementor-element elementor-element-556222a elementor-grid-4 elementor-grid-tablet-2 elementor-grid-mobile-1 elementor-widget elementor-widget-loop-grid\" data-id=\"556222a\" data-element_type=\"widget\" data-e-type=\"widget\" data-settings=\"{&quot;template_id&quot;:2214,&quot;columns&quot;:4,&quot;pagination_type&quot;:&quot;load_more_infinite_scroll&quot;,&quot;_skin&quot;:&quot;post&quot;,&quot;columns_tablet&quot;:&quot;2&quot;,&quot;columns_mobile&quot;:&quot;1&quot;,&quot;edit_handle_selector&quot;:&quot;[data-elementor-type=\\&quot;loop-item\\&quot;]&quot;,&quot;load_more_spinner&quot;:{&quot;value&quot;:&quot;fas fa-spinner&quot;,&quot;library&quot;:&quot;fa-solid&quot;},&quot;row_gap&quot;:{&quot;unit&quot;:&quot;px&quot;,&quot;size&quot;:&quot;&quot;,&quot;sizes&quot;:[]},&quot;row_gap_tablet&quot;:{&quot;unit&quot;:&quot;px&quot;,&quot;size&quot;:&quot;&quot;,&quot;sizes&quot;:[]},&quot;row_gap_mobile&quot;:{&quot;unit&quot;:&quot;px&quot;,&quot;size&quot;:&quot;&quot;,&quot;sizes&quot;:[]}}\" data-widget_type=\"loop-grid.post\">\n\t\t\t\t<div class=\"elementor-widget-container\">\n\t\t\t\t\t\t\t<div class=\"e-loop-nothing-found-message\">\n\t\t<\/div>\n\t\t\t\t\t\t<\/div>\n\t\t\t\t<\/div>\n\t\t\t\t\t<\/div>\n\t\t\t\t<\/div>\n\t\t<div class=\"elementor-element elementor-element-15cfecd elementor-hidden-desktop e-flex e-con-boxed e-con e-parent\" data-id=\"15cfecd\" data-element_type=\"container\" data-e-type=\"container\" data-settings=\"{&quot;background_background&quot;:&quot;classic&quot;}\">\n\t\t\t\t\t<div class=\"e-con-inner\">\n\t\t<div class=\"elementor-element elementor-element-c38ca1e e-con-full e-flex e-con e-child\" data-id=\"c38ca1e\" data-element_type=\"container\" data-e-type=\"container\">\n\t\t\t\t<div class=\"elementor-element elementor-element-292f77f elementor-widget elementor-widget-taxonomy-filter\" data-id=\"292f77f\" data-element_type=\"widget\" data-e-type=\"widget\" data-settings=\"{&quot;selected_element&quot;:&quot;556222a&quot;,&quot;taxonomy&quot;:&quot;category&quot;,&quot;multiple_selection&quot;:&quot;no&quot;,&quot;horizontal_scroll&quot;:&quot;disable&quot;}\" data-widget_type=\"taxonomy-filter.default\">\n\t\t\t\t\t\t\t<search class=\"e-filter\" role=\"search\" data-base-url=\"https:\/\/institutoar.org.br\/en\/\" data-page-num=\"1\">\n\t\t\t\t\t\t\t<button class=\"e-filter-item\" data-filter=\"annual-reports\" aria-pressed=\"false\">Annual reports<\/button>\n\t\t\t\t\t\t\t<button class=\"e-filter-item\" data-filter=\"articles\" aria-pressed=\"false\">Articles<\/button>\n\t\t\t\t\t\t\t<button class=\"e-filter-item\" data-filter=\"booklet\" aria-pressed=\"false\">Booklet<\/button>\n\t\t\t\t\t\t\t<button class=\"e-filter-item\" data-filter=\"informative-materials\" aria-pressed=\"false\">Informative materials<\/button>\n\t\t\t\t\t\t\t<button class=\"e-filter-item\" data-filter=\"research-reports\" aria-pressed=\"false\">Research reports<\/button>\n\t\t\t\n\t\t\t\t\t\t\t\t<\/search>\n\t\t\t\t\t\t<\/div>\n\t\t\t\t<\/div>\n\t\t\t\t\t<\/div>\n\t\t\t\t<\/div>\n\t\t<div class=\"elementor-element elementor-element-dd3e29b e-flex e-con-boxed e-con e-parent\" data-id=\"dd3e29b\" data-element_type=\"container\" data-e-type=\"container\">\n\t\t\t\t\t<div class=\"e-con-inner\">\n\t\t\t\t<div class=\"elementor-element elementor-element-5e530b7 elementor-grid-4 elementor-grid-tablet-2 elementor-grid-mobile-1 elementor-widget elementor-widget-loop-grid\" data-id=\"5e530b7\" data-element_type=\"widget\" data-e-type=\"widget\" data-settings=\"{&quot;template_id&quot;:2214,&quot;columns&quot;:4,&quot;pagination_type&quot;:&quot;load_more_infinite_scroll&quot;,&quot;_skin&quot;:&quot;post&quot;,&quot;columns_tablet&quot;:&quot;2&quot;,&quot;columns_mobile&quot;:&quot;1&quot;,&quot;edit_handle_selector&quot;:&quot;[data-elementor-type=\\&quot;loop-item\\&quot;]&quot;,&quot;load_more_spinner&quot;:{&quot;value&quot;:&quot;fas fa-spinner&quot;,&quot;library&quot;:&quot;fa-solid&quot;},&quot;row_gap&quot;:{&quot;unit&quot;:&quot;px&quot;,&quot;size&quot;:&quot;&quot;,&quot;sizes&quot;:[]},&quot;row_gap_tablet&quot;:{&quot;unit&quot;:&quot;px&quot;,&quot;size&quot;:&quot;&quot;,&quot;sizes&quot;:[]},&quot;row_gap_mobile&quot;:{&quot;unit&quot;:&quot;px&quot;,&quot;size&quot;:&quot;&quot;,&quot;sizes&quot;:[]}}\" data-widget_type=\"loop-grid.post\">\n\t\t\t\t<div class=\"elementor-widget-container\">\n\t\t\t\t\t\t\t<div class=\"e-loop-nothing-found-message\">\n\t\t<\/div>\n\t\t\t\t\t\t<\/div>\n\t\t\t\t<\/div>\n\t\t\t\t\t<\/div>\n\t\t\t\t<\/div>\n\t\t\t\t<\/div>\n\t\t","protected":false},"excerpt":{"rendered":"<p>Blog Artigos Carta Cartilhas Documento Manifesto Materiais informativos Nossas a\u00e7\u00f5es Not\u00edcias Pesquisa Relat\u00f3rios anuais Relat\u00f3rios de pesquisa Resolu\u00e7\u00e3o Artigos Carta Cartilhas Documento Manifesto Materiais informativos Nossas a\u00e7\u00f5es Not\u00edcias Pesquisa Relat\u00f3rios anuais Relat\u00f3rios de pesquisa Resolu\u00e7\u00e3o<\/p>\n","protected":false},"author":1,"featured_media":3466,"parent":0,"menu_order":0,"comment_status":"closed","ping_status":"closed","template":"","meta":{"footnotes":""},"class_list":["post-3499","page","type-page","status-publish","has-post-thumbnail","hentry"],"yoast_head":"<!-- This site is optimized with the Yoast SEO plugin v27.2 - https:\/\/yoast.com\/product\/yoast-seo-wordpress\/ -->\n<title>Blog | Instituto Ar<\/title>\n<meta name=\"description\" content=\"On the Insituto Ar Blog, you can find articles and research on health, climate, and air quality.\" \/>\n<meta name=\"robots\" content=\"index, follow, max-snippet:-1, max-image-preview:large, max-video-preview:-1\" \/>\n<link rel=\"canonical\" href=\"https:\/\/institutoar.org.br\/en\/blog\/\" \/>\n<meta property=\"og:locale\" content=\"en_US\" \/>\n<meta property=\"og:type\" content=\"article\" \/>\n<meta property=\"og:title\" content=\"Blog | Instituto Ar\" \/>\n<meta property=\"og:description\" content=\"On the Insituto Ar Blog, you can find articles and research on health, climate, and air quality.\" \/>\n<meta property=\"og:url\" content=\"https:\/\/institutoar.org.br\/en\/blog\/\" \/>\n<meta property=\"og:site_name\" content=\"Instituto Ar\" \/>\n<meta property=\"article:modified_time\" content=\"2026-04-27T19:21:59+00:00\" \/>\n<meta property=\"og:image\" content=\"https:\/\/institutoar.org.br\/wp-content\/uploads\/2025\/10\/instituto-ar-simbolo-grafico.jpg\" \/>\n\t<meta property=\"og:image:width\" content=\"500\" \/>\n\t<meta property=\"og:image:height\" content=\"500\" \/>\n\t<meta property=\"og:image:type\" content=\"image\/jpeg\" \/>\n<meta name=\"twitter:card\" content=\"summary_large_image\" \/>\n<script type=\"application\/ld+json\" class=\"yoast-schema-graph\">{\"@context\":\"https:\/\/schema.org\",\"@graph\":[{\"@type\":\"WebPage\",\"@id\":\"https:\/\/institutoar.org.br\/en\/blog\/\",\"url\":\"https:\/\/institutoar.org.br\/en\/blog\/\",\"name\":\"Blog | Instituto Ar\",\"isPartOf\":{\"@id\":\"https:\/\/institutoar.org.br\/en\/#website\"},\"primaryImageOfPage\":{\"@id\":\"https:\/\/institutoar.org.br\/en\/blog\/#primaryimage\"},\"image\":{\"@id\":\"https:\/\/institutoar.org.br\/en\/blog\/#primaryimage\"},\"thumbnailUrl\":\"https:\/\/institutoar.org.br\/wp-content\/uploads\/2025\/10\/instituto-ar-simbolo-grafico.jpg\",\"datePublished\":\"2025-09-17T11:28:48+00:00\",\"dateModified\":\"2026-04-27T19:21:59+00:00\",\"description\":\"On the Insituto Ar Blog, you can find articles and research on health, climate, and air quality.\",\"breadcrumb\":{\"@id\":\"https:\/\/institutoar.org.br\/en\/blog\/#breadcrumb\"},\"inLanguage\":\"en-US\",\"potentialAction\":[{\"@type\":\"ReadAction\",\"target\":[\"https:\/\/institutoar.org.br\/en\/blog\/\"]}]},{\"@type\":\"ImageObject\",\"inLanguage\":\"en-US\",\"@id\":\"https:\/\/institutoar.org.br\/en\/blog\/#primaryimage\",\"url\":\"https:\/\/institutoar.org.br\/wp-content\/uploads\/2025\/10\/instituto-ar-simbolo-grafico.jpg\",\"contentUrl\":\"https:\/\/institutoar.org.br\/wp-content\/uploads\/2025\/10\/instituto-ar-simbolo-grafico.jpg\",\"width\":500,\"height\":500,\"caption\":\"Instituto Ar - Graphic symbol\"},{\"@type\":\"BreadcrumbList\",\"@id\":\"https:\/\/institutoar.org.br\/en\/blog\/#breadcrumb\",\"itemListElement\":[{\"@type\":\"ListItem\",\"position\":1,\"name\":\"In\u00edcio\",\"item\":\"https:\/\/institutoar.org.br\/en\/home\/\"},{\"@type\":\"ListItem\",\"position\":2,\"name\":\"Blog\"}]},{\"@type\":\"WebSite\",\"@id\":\"https:\/\/institutoar.org.br\/en\/#website\",\"url\":\"https:\/\/institutoar.org.br\/en\/\",\"name\":\"Instituto Ar\",\"description\":\"\",\"publisher\":{\"@id\":\"https:\/\/institutoar.org.br\/en\/#organization\"},\"potentialAction\":[{\"@type\":\"SearchAction\",\"target\":{\"@type\":\"EntryPoint\",\"urlTemplate\":\"https:\/\/institutoar.org.br\/en\/?s={search_term_string}\"},\"query-input\":{\"@type\":\"PropertyValueSpecification\",\"valueRequired\":true,\"valueName\":\"search_term_string\"}}],\"inLanguage\":\"en-US\"},{\"@type\":\"Organization\",\"@id\":\"https:\/\/institutoar.org.br\/en\/#organization\",\"name\":\"Instituto Ar\",\"url\":\"https:\/\/institutoar.org.br\/en\/\",\"logo\":{\"@type\":\"ImageObject\",\"inLanguage\":\"en-US\",\"@id\":\"https:\/\/institutoar.org.br\/en\/#\/schema\/logo\/image\/\",\"url\":\"https:\/\/institutoar.org.br\/wp-content\/uploads\/2025\/09\/IAR-LOGOS-COM-SLOGAN-TODAS-VERSOES-02-scaled-e1757555584336.png\",\"contentUrl\":\"https:\/\/institutoar.org.br\/wp-content\/uploads\/2025\/09\/IAR-LOGOS-COM-SLOGAN-TODAS-VERSOES-02-scaled-e1757555584336.png\",\"width\":2095,\"height\":538,\"caption\":\"Instituto Ar\"},\"image\":{\"@id\":\"https:\/\/institutoar.org.br\/en\/#\/schema\/logo\/image\/\"}}]}<\/script>\n<!-- \/ Yoast SEO plugin. -->","yoast_head_json":{"title":"Blog | Instituto Ar","description":"On the Insituto Ar Blog, you can find articles and research on health, climate, and air quality.","robots":{"index":"index","follow":"follow","max-snippet":"max-snippet:-1","max-image-preview":"max-image-preview:large","max-video-preview":"max-video-preview:-1"},"canonical":"https:\/\/institutoar.org.br\/en\/blog\/","og_locale":"en_US","og_type":"article","og_title":"Blog | Instituto Ar","og_description":"On the Insituto Ar Blog, you can find articles and research on health, climate, and air quality.","og_url":"https:\/\/institutoar.org.br\/en\/blog\/","og_site_name":"Instituto Ar","article_modified_time":"2026-04-27T19:21:59+00:00","og_image":[{"width":500,"height":500,"url":"https:\/\/institutoar.org.br\/wp-content\/uploads\/2025\/10\/instituto-ar-simbolo-grafico.jpg","type":"image\/jpeg"}],"twitter_card":"summary_large_image","schema":{"@context":"https:\/\/schema.org","@graph":[{"@type":"WebPage","@id":"https:\/\/institutoar.org.br\/en\/blog\/","url":"https:\/\/institutoar.org.br\/en\/blog\/","name":"Blog | Instituto Ar","isPartOf":{"@id":"https:\/\/institutoar.org.br\/en\/#website"},"primaryImageOfPage":{"@id":"https:\/\/institutoar.org.br\/en\/blog\/#primaryimage"},"image":{"@id":"https:\/\/institutoar.org.br\/en\/blog\/#primaryimage"},"thumbnailUrl":"https:\/\/institutoar.org.br\/wp-content\/uploads\/2025\/10\/instituto-ar-simbolo-grafico.jpg","datePublished":"2025-09-17T11:28:48+00:00","dateModified":"2026-04-27T19:21:59+00:00","description":"On the Insituto Ar Blog, you can find articles and research on health, climate, and air quality.","breadcrumb":{"@id":"https:\/\/institutoar.org.br\/en\/blog\/#breadcrumb"},"inLanguage":"en-US","potentialAction":[{"@type":"ReadAction","target":["https:\/\/institutoar.org.br\/en\/blog\/"]}]},{"@type":"ImageObject","inLanguage":"en-US","@id":"https:\/\/institutoar.org.br\/en\/blog\/#primaryimage","url":"https:\/\/institutoar.org.br\/wp-content\/uploads\/2025\/10\/instituto-ar-simbolo-grafico.jpg","contentUrl":"https:\/\/institutoar.org.br\/wp-content\/uploads\/2025\/10\/instituto-ar-simbolo-grafico.jpg","width":500,"height":500,"caption":"Instituto Ar - Graphic symbol"},{"@type":"BreadcrumbList","@id":"https:\/\/institutoar.org.br\/en\/blog\/#breadcrumb","itemListElement":[{"@type":"ListItem","position":1,"name":"In\u00edcio","item":"https:\/\/institutoar.org.br\/en\/home\/"},{"@type":"ListItem","position":2,"name":"Blog"}]},{"@type":"WebSite","@id":"https:\/\/institutoar.org.br\/en\/#website","url":"https:\/\/institutoar.org.br\/en\/","name":"Instituto Ar","description":"","publisher":{"@id":"https:\/\/institutoar.org.br\/en\/#organization"},"potentialAction":[{"@type":"SearchAction","target":{"@type":"EntryPoint","urlTemplate":"https:\/\/institutoar.org.br\/en\/?s={search_term_string}"},"query-input":{"@type":"PropertyValueSpecification","valueRequired":true,"valueName":"search_term_string"}}],"inLanguage":"en-US"},{"@type":"Organization","@id":"https:\/\/institutoar.org.br\/en\/#organization","name":"Instituto Ar","url":"https:\/\/institutoar.org.br\/en\/","logo":{"@type":"ImageObject","inLanguage":"en-US","@id":"https:\/\/institutoar.org.br\/en\/#\/schema\/logo\/image\/","url":"https:\/\/institutoar.org.br\/wp-content\/uploads\/2025\/09\/IAR-LOGOS-COM-SLOGAN-TODAS-VERSOES-02-scaled-e1757555584336.png","contentUrl":"https:\/\/institutoar.org.br\/wp-content\/uploads\/2025\/09\/IAR-LOGOS-COM-SLOGAN-TODAS-VERSOES-02-scaled-e1757555584336.png","width":2095,"height":538,"caption":"Instituto Ar"},"image":{"@id":"https:\/\/institutoar.org.br\/en\/#\/schema\/logo\/image\/"}}]}},"_links":{"self":[{"href":"https:\/\/institutoar.org.br\/en\/wp-json\/wp\/v2\/pages\/3499","targetHints":{"allow":["GET"]}}],"collection":[{"href":"https:\/\/institutoar.org.br\/en\/wp-json\/wp\/v2\/pages"}],"about":[{"href":"https:\/\/institutoar.org.br\/en\/wp-json\/wp\/v2\/types\/page"}],"author":[{"embeddable":true,"href":"https:\/\/institutoar.org.br\/en\/wp-json\/wp\/v2\/users\/1"}],"replies":[{"embeddable":true,"href":"https:\/\/institutoar.org.br\/en\/wp-json\/wp\/v2\/comments?post=3499"}],"version-history":[{"count":8,"href":"https:\/\/institutoar.org.br\/en\/wp-json\/wp\/v2\/pages\/3499\/revisions"}],"predecessor-version":[{"id":6371,"href":"https:\/\/institutoar.org.br\/en\/wp-json\/wp\/v2\/pages\/3499\/revisions\/6371"}],"wp:featuredmedia":[{"embeddable":true,"href":"https:\/\/institutoar.org.br\/en\/wp-json\/wp\/v2\/media\/3466"}],"wp:attachment":[{"href":"https:\/\/institutoar.org.br\/en\/wp-json\/wp\/v2\/media?parent=3499"}],"curies":[{"name":"wp","href":"https:\/\/api.w.org\/{rel}","templated":true}]}}